{"id":26,"date":"2020-11-14T05:33:07","date_gmt":"2020-11-14T05:33:07","guid":{"rendered":"http:\/\/rga.com.uy\/?page_id=26"},"modified":"2020-11-17T22:21:34","modified_gmt":"2020-11-17T22:21:34","slug":"inicio","status":"publish","type":"page","link":"https:\/\/rga.com.uy\/index.php\/inicio\/","title":{"rendered":"Inicio"},"content":{"rendered":"\n<p><\/p>\n\n\n\n<div class=\"alignfull wp-block-ugb-header ugb-header ugb-941c687 ugb-header ugb-header--v3 ugb-header--design-plain ugb--restrict-content-width ugb-main-block ugb-main-block--inner-full ugb--has-block-background ugb--has-background-overlay\" id=\"\"><style>.ugb-941c687 .ugb-header__title{font-family:\"Raleway\",Sans-serif !important;font-size:47px !important;font-weight:500 !important;letter-spacing:0.5px !important;color:#003366;text-align:left !important}.ugb-941c687 .ugb-header__subtitle{font-family:\"Raleway\",Sans-serif !important;font-size:21px !important;color:#003366}.ugb-941c687 .ugb-header__buttons{justify-content:flex-start !important}.ugb-941c687 .ugb-button1 .ugb-button--inner{font-family:\"Raleway\",Sans-serif !important;font-size:16px !important;font-weight:500 !important}.ugb-941c687 .ugb-button1{background-color:#003366;opacity:1;border-radius:7px !important}.ugb-941c687 .ugb-button1 .ugb-button--inner,.ugb-941c687 .ugb-button1 svg:not(.ugb-custom-icon){color:#ffffff !important}.ugb-941c687 .ugb-button1:hover{opacity:0.8}.ugb-941c687 .ugb-button1:before{border-radius:7px !important}.ugb-941c687 .ugb-button1.ugb-button--has-icon.ugb-button--has-icon svg{width:22px;height:22px}.ugb-941c687 .ugb-inner-block{text-align:left}.ugb-941c687.ugb-header{justify-content:flex-start;background-color:#ffffff;background-image:url(http:\/\/rga.com.uy\/wp-content\/uploads\/2020\/11\/IMG_0838.jpg)}.ugb-941c687.ugb-header:before{background-color:#ffffff;opacity:0.7}@media screen and (max-width:768px){.ugb-941c687 .ugb-header__title{font-size:27px !important;text-align:center !important}.ugb-941c687 .ugb-header__subtitle{font-size:18px !important;text-align:center}.ugb-941c687 .ugb-header__buttons{justify-content:center !important}.ugb-941c687 .ugb-button1 .ugb-button--inner{font-size:15px !important}.ugb-941c687.ugb-header{min-height:50vh}}<\/style><div class=\"ugb-inner-block ugb-inner-block--full\"><div class=\"ugb-block-content\"><div class=\"ugb-header__item ugb--full-height\"><div class=\"ugb-content-wrapper\"><h2 class=\"ugb-header__title\">ESTUDIO<br><strong>CONTABLE<\/strong><\/h2><p class=\"ugb-header__subtitle\">Asesor\u00eda Empresarial<\/p><div class=\"ugb-header__buttons\"><div class=\"ugb-button-container\"><a class=\"ugb-button1 ugb-button ugb-button--size-small ugb--hover-effect-scale ugb-button--has-icon\" href=\"\" rel=\"\" title=\"\"><div class=\"ugb-icon-inner-svg\"><svg data-prefix=\"fab\" data-icon=\"whatsapp\" class=\"svg-inline--fa fa-whatsapp fa-w-14\" role=\"img\" xmlns=\"http:\/\/www.w3.org\/2000\/svg\" viewBox=\"0 0 448 512\"><path fill=\"currentColor\" d=\"M380.9 97.1C339 55.1 283.2 32 223.9 32c-122.4 0-222 99.6-222 222 0 39.1 10.2 77.3 29.6 111L0 480l117.7-30.9c32.4 17.7 68.9 27 106.1 27h.1c122.3 0 224.1-99.6 224.1-222 0-59.3-25.2-115-67.1-157zm-157 341.6c-33.2 0-65.7-8.9-94-25.7l-6.7-4-69.8 18.3L72 359.2l-4.4-7c-18.5-29.4-28.2-63.3-28.2-98.2 0-101.7 82.8-184.5 184.6-184.5 49.3 0 95.6 19.2 130.4 54.1 34.8 34.9 56.2 81.2 56.1 130.5 0 101.8-84.9 184.6-186.6 184.6zm101.2-138.2c-5.5-2.8-32.8-16.2-37.9-18-5.1-1.9-8.8-2.8-12.5 2.8-3.7 5.6-14.3 18-17.6 21.8-3.2 3.7-6.5 4.2-12 1.4-32.6-16.3-54-29.1-75.5-66-5.7-9.8 5.7-9.1 16.3-30.3 1.8-3.7.9-6.9-.5-9.7-1.4-2.8-12.5-30.1-17.1-41.2-4.5-10.8-9.1-9.3-12.5-9.5-3.2-.2-6.9-.2-10.6-.2-3.7 0-9.7 1.4-14.8 6.9-5.1 5.6-19.4 19-19.4 46.3 0 27.3 19.9 53.7 22.6 57.4 2.8 3.7 39.1 59.7 94.8 83.8 35.2 15.2 49 16.5 66.6 13.9 10.7-1.6 32.8-13.4 37.4-26.4 4.6-13 4.6-24.1 3.2-26.4-1.3-2.5-5-3.9-10.5-6.6z\"><\/path><\/svg><\/div><span class=\"ugb-button--inner\">Contactarnos<\/span><\/a><\/div><\/div><\/div><\/div><\/div><\/div><\/div>\n\n\n\n<div class=\"wp-block-ugb-columns ugb-columns ugb-a2c27b8 ugb-columns--design-plain ugb-columns--columns-2 ugb-main-block\" id=\"\"><div class=\"ugb-inner-block\"><div class=\"ugb-block-content\"><div class=\"ugb-columns__item ugb-a2c27b8-content-wrapper\">\n<div class=\"wp-block-ugb-column ugb-column ugb-a3d8708 ugb-column--design-plain ugb-main-block\" id=\"\"><div class=\"ugb-inner-block\"><div class=\"ugb-block-content\"><div class=\"ugb-column__item ugb-a3d8708-column-wrapper\"><div class=\"ugb-column__content-wrapper\">\n<div class=\"wp-block-kioken-imagebox text-align-none kt-imagebox__d17b42-74\" data-tilt-max=\"15\"><div class=\"overflow-hidden box-wrap\"><div class=\"wp-block-kioken-imagebox__inner pos-abs-zeropos kt_flex_justifystart\"><div class=\"the-content\"><\/div><\/div><div class=\"overflow-hidden imgwrap\"><img loading=\"lazy\" decoding=\"async\" width=\"602\" height=\"692\" src=\"http:\/\/rga.com.uy\/wp-content\/uploads\/2020\/11\/lujaan.png\" class=\"wp-image-44 wp-block-kioken-imagebox__img\" srcset=\"https:\/\/rga.com.uy\/wp-content\/uploads\/2020\/11\/lujaan.png 602w, https:\/\/rga.com.uy\/wp-content\/uploads\/2020\/11\/lujaan-261x300.png 261w\" sizes=\"auto, (max-width: 602px) 100vw, 602px\" \/><\/div><\/div><\/div>\n<\/div><\/div><\/div><\/div><\/div>\n\n\n\n<div class=\"wp-block-ugb-column ugb-column ugb-7c594ea ugb-column--design-plain ugb-main-block\" id=\"\"><div class=\"ugb-inner-block\"><div class=\"ugb-block-content\"><div class=\"ugb-column__item ugb-7c594ea-column-wrapper\"><div class=\"ugb-column__content-wrapper\">\n<h2 class=\"has-custom-size has-custom-font has-custom-weight custom-topmargin wp-block-heading\" style=\"font-family:Poppins;font-weight:bold;margin-top:10px;font-size:36px\">Qui\u00e9nes Somos<\/h2>\n\n\n\n<p class=\"has-gb-tertiary-color has-white-background-color has-text-color has-background\">Somos un estudio contable integrado por <strong>j\u00f3venes profesionales, capacitados y experientes<\/strong> en la materia. Nos mantenemos en constante formaci\u00f3n y actualizaci\u00f3n, con el objetivo de ofrecer a nuestros clientes un <strong>asesoramiento integral para su negocio<\/strong>, enfocado en el <strong>\u00e1rea contable, fiscal, financiera y laboral.<\/strong><\/p>\n\n\n\n<p>Nos caracterizamos por ser un equipo responsable y comprometido con el cliente. <strong>El compromiso, la transparencia y la confidencialidad<\/strong> son los pilares de nuestra labor.<\/p>\n<\/div><\/div><\/div><\/div><\/div>\n<\/div><\/div><\/div><\/div>\n\n\n\n<p><\/p>\n","protected":false},"excerpt":{"rendered":"","protected":false},"author":1,"featured_media":0,"parent":0,"menu_order":0,"comment_status":"closed","ping_status":"closed","template":"redux-templates_contained","meta":{"_coblocks_attr":"","_coblocks_dimensions":"","_coblocks_responsive_height":"","_coblocks_accordion_ie_support":"","ub_ctt_via":"","kk_blocks_editor_width":"","_kiokenblocks_attr":"Raleway,Raleway","_kiokenblocks_dimensions":"","footnotes":""},"class_list":["post-26","page","type-page","status-publish","hentry"],"featured_image_urls":{"full":"","thumbnail":"","medium":"","medium_large":"","large":"","1536x1536":"","2048x2048":"","ab-block-post-grid-landscape":"","ab-block-post-grid-square":""},"post_excerpt_stackable":"<p>ESTUDIOCONTABLEAsesor\u00eda EmpresarialContactarnos Qui\u00e9nes Somos Somos un estudio contable integrado por j\u00f3venes profesionales, capacitados y experientes en la materia. Nos mantenemos en constante formaci\u00f3n y actualizaci\u00f3n, con el objetivo de ofrecer a nuestros clientes un asesoramiento integral para su negocio, enfocado en el \u00e1rea contable, fiscal, financiera y laboral. Nos caracterizamos por ser un equipo responsable y comprometido con el cliente. El compromiso, la transparencia y la confidencialidad son los pilares de nuestra labor.<\/p>\n","category_list":"","author_info":{"name":"juanraibo","url":"https:\/\/rga.com.uy\/index.php\/author\/juanraibo\/"},"comments_num":"0 comentarios","featured_image_src":null,"featured_image_src_square":null,"uagb_featured_image_src":{"full":false,"thumbnail":false,"medium":false,"medium_large":false,"large":false,"1536x1536":false,"2048x2048":false,"ab-block-post-grid-landscape":false,"ab-block-post-grid-square":false},"uagb_author_info":{"display_name":"juanraibo","author_link":"https:\/\/rga.com.uy\/index.php\/author\/juanraibo\/"},"uagb_comment_info":0,"uagb_excerpt":null,"_links":{"self":[{"href":"https:\/\/rga.com.uy\/index.php\/wp-json\/wp\/v2\/pages\/26","targetHints":{"allow":["GET"]}}],"collection":[{"href":"https:\/\/rga.com.uy\/index.php\/wp-json\/wp\/v2\/pages"}],"about":[{"href":"https:\/\/rga.com.uy\/index.php\/wp-json\/wp\/v2\/types\/page"}],"author":[{"embeddable":true,"href":"https:\/\/rga.com.uy\/index.php\/wp-json\/wp\/v2\/users\/1"}],"replies":[{"embeddable":true,"href":"https:\/\/rga.com.uy\/index.php\/wp-json\/wp\/v2\/comments?post=26"}],"version-history":[{"count":11,"href":"https:\/\/rga.com.uy\/index.php\/wp-json\/wp\/v2\/pages\/26\/revisions"}],"predecessor-version":[{"id":60,"href":"https:\/\/rga.com.uy\/index.php\/wp-json\/wp\/v2\/pages\/26\/revisions\/60"}],"wp:attachment":[{"href":"https:\/\/rga.com.uy\/index.php\/wp-json\/wp\/v2\/media?parent=26"}],"curies":[{"name":"wp","href":"https:\/\/api.w.org\/{rel}","templated":true}]}}